{"id":82,"date":"2022-01-18T11:06:52","date_gmt":"2022-01-18T10:06:52","guid":{"rendered":"https:\/\/www.phoenix-c-h.de\/shop\/?post_type=product&#038;p=82"},"modified":"2022-03-30T07:33:28","modified_gmt":"2022-03-30T05:33:28","slug":"schulung-von-befaehigten-personen-zum-pruefen-von-leitern-und-tritten","status":"publish","type":"product","link":"https:\/\/www.phoenix-c-h.de\/shop\/produkt\/schulung-von-befaehigten-personen-zum-pruefen-von-leitern-und-tritten\/","title":{"rendered":"Schulung von bef\u00e4higten Personen zum Pr\u00fcfen von Leitern und Tritten"},"content":{"rendered":"<h2>Seminarbeschreibung<\/h2>\n<p>In der Betriebssicherheitsverordnung \u00a7 3 und \u00a7 14 ist festgelegt, dass eine regelm\u00e4\u00dfige Pr\u00fcfung von Arbeitsmitteln und somit von Leitern und Tritten durchzuf\u00fchren ist. Darin hei\u00dft es auch, dass der Unternehmer daf\u00fcr zu sorgen hat, dass eine von ihm beauftragte Person f\u00fcr Leitern und Tritte diese wiederkehrend auf ihren ordnungsgem\u00e4\u00dfen Zustand pr\u00fcft. Stellt sich bei einem Unfall heraus, dass der Arbeitgeber dieser Verpflichtung nicht nachgekommen ist, ergeben sich haftungsrechtliche Folgen. F\u00fcr diese Pr\u00fcfungen kann der Arbeitgeber bef\u00e4higte Personen aus der eigenen Belegschaft bestellen, sofern sie die Voraussetzungen erf\u00fcllen.<\/p>\n<p>In unserem Seminar werden Sie umfassend \u00fcber die rechtlichen Grundlagen sowie die Anforderungen an Bau, Ausr\u00fcstung und Betrieb von Leitern und Tritten informiert. Wir werden mit Ihnen gemeinsam eine Pr\u00fcfung in der Praxis durchf\u00fchren.<\/p>\n<h2>Inhalte:<\/h2>\n<ul>\n<li>Rechtliche Grundlagen, DIN-Normen und Unfallverh\u00fctungsvorschriften wie z. B. BetrSichV \u00a7\u00a7 3 und 14, DGUV Information 208-016 und TRBS 2121<\/li>\n<li>Anforderungen an Leitern und Tritte<\/li>\n<li>\u00a0Aufbau, Konstruktion und Verwendung<\/li>\n<li>Pr\u00fcfung von Leitern und Tritten<\/li>\n<li>Umgang mit Leitern<\/li>\n<li>Unfallgefahren, Schutzma\u00dfnahmen<\/li>\n<li>Rechte und Pflichten der Bef\u00e4higten Person und des Benutzers<\/li>\n<li>Dokumentation der Pr\u00fcfung<\/li>\n<li>Durchf\u00fchrung der Pr\u00fcfung als Gruppenarbeit, inkl. Auswertung<\/li>\n<\/ul>\n<h2>Dauer:<\/h2>\n<p>1 Tag mit 8UE *<br \/>\n(* UE = Unterrichtseinheit a 45 Minuten)<\/p>\n<h2>Service:<\/h2>\n<p>Obst, kalte und hei\u00dfe Getr\u00e4nke<\/p>\n<h2><span style=\"font-size: 28px;\">Abschluss:<\/span><\/h2>\n<p>Zertifikat zur bef\u00e4higten Person zur \u00dcberpr\u00fcfung von Leitern und Tritten.<\/p>\n","protected":false},"excerpt":{"rendered":"<p>Seminarbeschreibung In der Betriebssicherheitsverordnung \u00a7 3 und \u00a7 14 ist festgelegt, dass eine regelm\u00e4\u00dfige Pr\u00fcfung von Arbeitsmitteln und somit von Leitern und Tritten durchzuf\u00fchren ist. Darin hei\u00dft es auch, dass der Unternehmer daf\u00fcr zu sorgen hat, dass eine von ihm beauftragte Person f\u00fcr Leitern und Tritte diese wiederkehrend auf ihren ordnungsgem\u00e4\u00dfen Zustand pr\u00fcft. Stellt sich [&hellip;]<\/p>\n","protected":false},"featured_media":86,"template":"","meta":[],"product_brand":[],"product_cat":[24],"product_tag":[],"class_list":{"0":"post-82","1":"product","2":"type-product","3":"status-publish","4":"has-post-thumbnail","6":"product_cat-akademie","7":"wcpa_has_options","9":"first","10":"instock","11":"virtual","12":"taxable","13":"purchasable","14":"product-type-simple"},"_links":{"self":[{"href":"https:\/\/www.phoenix-c-h.de\/shop\/wp-json\/wp\/v2\/product\/82","targetHints":{"allow":["GET"]}}],"collection":[{"href":"https:\/\/www.phoenix-c-h.de\/shop\/wp-json\/wp\/v2\/product"}],"about":[{"href":"https:\/\/www.phoenix-c-h.de\/shop\/wp-json\/wp\/v2\/types\/product"}],"wp:featuredmedia":[{"embeddable":true,"href":"https:\/\/www.phoenix-c-h.de\/shop\/wp-json\/wp\/v2\/media\/86"}],"wp:attachment":[{"href":"https:\/\/www.phoenix-c-h.de\/shop\/wp-json\/wp\/v2\/media?parent=82"}],"wp:term":[{"taxonomy":"product_brand","embeddable":true,"href":"https:\/\/www.phoenix-c-h.de\/shop\/wp-json\/wp\/v2\/product_brand?post=82"},{"taxonomy":"product_cat","embeddable":true,"href":"https:\/\/www.phoenix-c-h.de\/shop\/wp-json\/wp\/v2\/product_cat?post=82"},{"taxonomy":"product_tag","embeddable":true,"href":"https:\/\/www.phoenix-c-h.de\/shop\/wp-json\/wp\/v2\/product_tag?post=82"}],"curies":[{"name":"wp","href":"https:\/\/api.w.org\/{rel}","templated":true}]}}