{"id":78,"date":"2022-01-18T10:58:29","date_gmt":"2022-01-18T09:58:29","guid":{"rendered":"https:\/\/www.phoenix-c-h.de\/shop\/?post_type=product&#038;p=78"},"modified":"2022-03-30T08:00:31","modified_gmt":"2022-03-30T06:00:31","slug":"fahrer-von-flurfoerderzeugen","status":"publish","type":"product","link":"https:\/\/www.phoenix-c-h.de\/shop\/produkt\/fahrer-von-flurfoerderzeugen\/","title":{"rendered":"Fahrer von Flurf\u00f6rderzeugen"},"content":{"rendered":"<p>gem\u00e4\u00df DGUV Vorschrift 68 und DGUV Grundsatz 308-001.<br \/>\nErstausbildung f\u00fcr Praktiker ohne Vorkenntnisse.<\/p>\n<h2>Seminarbeschreibung<\/h2>\n<p>Seit 2002 ist die Ausbildung zum F\u00fchren von Flurf\u00f6rderzeugen\/Gabelstapler eindeutig von den Berufsgenossenschaften gem. DGUV Vorschrift 68, nach DGUV Grundsatz 308-001 und der TRBS 2111 definiert. Der Arbeitgeber darf mit dem selbstst\u00e4ndigen Steuern von Flurf\u00f6rderzeugen mit Fahrersitz oder Fahrerstand nur geeignete und ausgebildete Personen beauftragen.<br \/>\nSomit sind die Schulungen notwendig f\u00fcr Bediener von Mitg\u00e4nger-Flurf\u00f6rderzeugen mit Fahrerplatz (z.B. Ameisen), Elektrokarren, Frontstaplern, Hochregalstaplern, Schwertlast-staplern, Kommissionier-Staplern und Containerstaplern.<\/p>\n<h2>Inhalte:<\/h2>\n<p><strong>Theorie:<\/strong><br \/>\nRechtliche Grundlagen, Rechtsvorschriften, Unfallgeschehen, Flurf\u00f6rderzeuge und Anbauger\u00e4te, Pr\u00fcfung und Instandsetzung, Antriebsarten, Betrieb allgemein, Fahr-mechanik und Fahrphysik, Standsicherheit, Umgang mit der Last, Besondere Eins\u00e4tze, Verkehrszeichen, Verkehrsregeln, Verkehrswege<\/p>\n<p><strong>Praxis<\/strong>:<br \/>\nEinf\u00fchrung\/Einweisung, Prakt. Betriebssicherheitspr\u00fcfung (Abfahrts- und End-kontrolle), Praktische Fahr\u00fcbungen mit Paletten und Gitterboxen, Last aufnehmen und absetzen. Zum Ende der Erstausbildung erfolgen eine theoretische und eine praktische Pr\u00fcfung.<\/p>\n<p>F\u00fcr die Schulung zum Flurf\u00f6rderzeugf\u00fchrer stellt der Auftraggeber einen Schulungsraum f\u00fcr den theoretischen Teil, ausreichend \u00dcbungsgel\u00e4nde f\u00fcr den praktischen Teil, einen Gabelstapler nach Absprache mit dem Dozenten mit 6-10 Europaletten und 3-4 Gitterboxen zur Verf\u00fcgung.<\/p>\n<h2>Dauer:<\/h2>\n<p>3 Tage bei max. 12 Teilnehmern<br \/>\n10 UE* Theorie und 1 UE Pr\u00fcfung<br \/>\n10 UE* Praxis<br \/>\nZzgl. 15 Minuten pro TN praktische Pr\u00fcfung<\/p>\n<h2>Zielgruppe:<\/h2>\n<p>Der Lehrgang richtet sich an Personen, die im Rahmen ihrer T\u00e4tigkeit im Unternehmen den Umgang mit einem Flurf\u00f6rderzeug beherrschen m\u00fcssen.<\/p>\n<h2>Zugangsvoraussetzung:<\/h2>\n<p>Mindestalter 18 Jahre, gesundheitliche Eignung f\u00fcr das Steuern von Gabelstaplern. F\u00fcr die Ausstellung des Fahrausweises wird ein aktuelles Passfoto ben\u00f6tigt.<\/p>\n<h2>Service:<\/h2>\n<p>Obst, kalte und hei\u00dfe Getr\u00e4nke.<\/p>\n<h2>Abschluss:<\/h2>\n<p>Fahrausweis f\u00fcr Flurf\u00f6rderzeuge, bei bestandener Pr\u00fcfung der Erstausbildung.<\/p>\n","protected":false},"excerpt":{"rendered":"<p>gem\u00e4\u00df DGUV Vorschrift 68 und DGUV Grundsatz 308-001. Erstausbildung f\u00fcr Praktiker ohne Vorkenntnisse. Seminarbeschreibung Seit 2002 ist die Ausbildung zum F\u00fchren von Flurf\u00f6rderzeugen\/Gabelstapler eindeutig von den Berufsgenossenschaften gem. DGUV Vorschrift 68, nach DGUV Grundsatz 308-001 und der TRBS 2111 definiert. Der Arbeitgeber darf mit dem selbstst\u00e4ndigen Steuern von Flurf\u00f6rderzeugen mit Fahrersitz oder Fahrerstand nur geeignete [&hellip;]<\/p>\n","protected":false},"featured_media":81,"template":"","meta":[],"product_brand":[],"product_cat":[24],"product_tag":[],"class_list":{"0":"post-78","1":"product","2":"type-product","3":"status-publish","4":"has-post-thumbnail","6":"product_cat-akademie","7":"wcpa_has_options","9":"first","10":"instock","11":"virtual","12":"taxable","13":"purchasable","14":"product-type-simple"},"_links":{"self":[{"href":"https:\/\/www.phoenix-c-h.de\/shop\/wp-json\/wp\/v2\/product\/78","targetHints":{"allow":["GET"]}}],"collection":[{"href":"https:\/\/www.phoenix-c-h.de\/shop\/wp-json\/wp\/v2\/product"}],"about":[{"href":"https:\/\/www.phoenix-c-h.de\/shop\/wp-json\/wp\/v2\/types\/product"}],"wp:featuredmedia":[{"embeddable":true,"href":"https:\/\/www.phoenix-c-h.de\/shop\/wp-json\/wp\/v2\/media\/81"}],"wp:attachment":[{"href":"https:\/\/www.phoenix-c-h.de\/shop\/wp-json\/wp\/v2\/media?parent=78"}],"wp:term":[{"taxonomy":"product_brand","embeddable":true,"href":"https:\/\/www.phoenix-c-h.de\/shop\/wp-json\/wp\/v2\/product_brand?post=78"},{"taxonomy":"product_cat","embeddable":true,"href":"https:\/\/www.phoenix-c-h.de\/shop\/wp-json\/wp\/v2\/product_cat?post=78"},{"taxonomy":"product_tag","embeddable":true,"href":"https:\/\/www.phoenix-c-h.de\/shop\/wp-json\/wp\/v2\/product_tag?post=78"}],"curies":[{"name":"wp","href":"https:\/\/api.w.org\/{rel}","templated":true}]}}