{"id":74,"date":"2022-01-18T10:46:38","date_gmt":"2022-01-18T09:46:38","guid":{"rendered":"https:\/\/www.phoenix-c-h.de\/shop\/?post_type=product&#038;p=74"},"modified":"2022-03-30T07:51:15","modified_gmt":"2022-03-30T05:51:15","slug":"eup","status":"publish","type":"product","link":"https:\/\/www.phoenix-c-h.de\/shop\/produkt\/eup\/","title":{"rendered":"Elektrotechnisch unterwiesene Person"},"content":{"rendered":"<p>EUP \u2013 Schulung zur elektrotechnisch unterwiesenen Person<\/p>\n<h2>Seminarbeschreibung<\/h2>\n<p>Der Unternehmer ist laut Arbeitsschutzgesetz und Betriebssicherheitsverordnung verpflichtet, nur ortsver\u00e4nderliche elektrische Betriebsmittel (Arbeitsmittel) einzusetzen, von denen keine elektrische Gef\u00e4hrdung ausgeht bzw. diese hinreichend begrenzt wird.<\/p>\n<p>Um diesen Zustand gew\u00e4hrleisten zu k\u00f6nnen, unterliegen die ortsver\u00e4nderlichen elektrischen Betriebsmittel einer regelm\u00e4\u00dfig wiederkehrenden \u00dcberpr\u00fcfung (DGUV Vorschrift 3 bzw. 4) durch eine bef\u00e4higte Person gem. TRBS 1203, Teil3 (Elektrofachkraft). Einfache \u00dcberpr\u00fcfungen k\u00f6nnen auch von einer \u201aElektrotechnisch unterwiesenen Person\u2018 (EuP) unter Anleitung und Aufsicht einer Elektrofachkraft durchgef\u00fchrt werden. Die Organisation dieser Pflichten ist beschrieben in der DGUV Information 203-070.<\/p>\n<p>Durch dieses Seminar erfolgt die Bef\u00e4higung im Sinne der TRBS 1203 zur Ausf\u00fchrung elektrotechnischer Wiederholungspr\u00fcfungen von ortsver\u00e4nderlichen elektrischen Betriebsmitteln gem. BetrSichV \/ DIN VDE 0701-0702 mittels geeigneter Pr\u00fcfger\u00e4te.<\/p>\n<h2>Inhalte:<\/h2>\n<ul>\n<li>Netzformen und ihre Besonderheiten<\/li>\n<li>elektrische Betriebsmittel und Energieversorgungsanlagen<\/li>\n<li>Betrieb von Starkstromanlagen nach DIN VDE 0105 Teil 100<\/li>\n<li>Grundlagen von Arbeitsgrenzen DGUV 203-016<\/li>\n<li>T\u00e4tigkeitsbereiche elektrotechnisch unterwiesener Personen<\/li>\n<li>Bef\u00e4higte Person nach TRBS 1203<\/li>\n<li>Grundlagen der Elektrotechnik<\/li>\n<li>Gefahren des elektrischen Stroms<\/li>\n<li>Schutzma\u00dfnahmen<\/li>\n<li>Inhalt der Unfallverh\u00fctungsvorschrift<\/li>\n<li>Erste-Hilfe-Ma\u00dfnahmen bei Unf\u00e4llen im Bereich der Elektrotechnik<\/li>\n<li>Pr\u00fcfung<\/li>\n<\/ul>\n<h2>Dauer:<\/h2>\n<p>1 Tag Unterricht mit 8 UE*<br \/>\n(* UE = Unterrichtseinheit a 45 Minuten)<\/p>\n<h2>Zielgruppe:<\/h2>\n<p>Die Schulung richtet sich an Elektrofachkr\u00e4fte, die Wiederholungspr\u00fcfungen zur Feststellung der elektrischen Sicherheit an ortsver\u00e4nderlichen elektrischen Betriebsmitteln durchf\u00fchren bzw. zuk\u00fcnftig durchf\u00fchren sollen.<\/p>\n<h2>Service:<\/h2>\n<p>Obst, kalte und hei\u00dfe Getr\u00e4nke.<\/p>\n<h2>Abschluss:<\/h2>\n<p>Zertifikat \u201eBef\u00e4higte Person zum Pr\u00fcfen ortsver\u00e4nderlicher elektrischer Betriebsmittel\u201c der PHOENIX Akademie mit interner Pr\u00fcfung (schriftlich, praktisch).<\/p>\n","protected":false},"excerpt":{"rendered":"<p>EUP \u2013 Schulung zur elektrotechnisch unterwiesenen Person Seminarbeschreibung Der Unternehmer ist laut Arbeitsschutzgesetz und Betriebssicherheitsverordnung verpflichtet, nur ortsver\u00e4nderliche elektrische Betriebsmittel (Arbeitsmittel) einzusetzen, von denen keine elektrische Gef\u00e4hrdung ausgeht bzw. diese hinreichend begrenzt wird. Um diesen Zustand gew\u00e4hrleisten zu k\u00f6nnen, unterliegen die ortsver\u00e4nderlichen elektrischen Betriebsmittel einer regelm\u00e4\u00dfig wiederkehrenden \u00dcberpr\u00fcfung (DGUV Vorschrift 3 bzw. 4) durch eine [&hellip;]<\/p>\n","protected":false},"featured_media":77,"template":"","meta":[],"product_brand":[],"product_cat":[24],"product_tag":[],"class_list":{"0":"post-74","1":"product","2":"type-product","3":"status-publish","4":"has-post-thumbnail","6":"product_cat-akademie","7":"wcpa_has_options","9":"first","10":"instock","11":"virtual","12":"taxable","13":"purchasable","14":"product-type-simple"},"_links":{"self":[{"href":"https:\/\/www.phoenix-c-h.de\/shop\/wp-json\/wp\/v2\/product\/74","targetHints":{"allow":["GET"]}}],"collection":[{"href":"https:\/\/www.phoenix-c-h.de\/shop\/wp-json\/wp\/v2\/product"}],"about":[{"href":"https:\/\/www.phoenix-c-h.de\/shop\/wp-json\/wp\/v2\/types\/product"}],"wp:featuredmedia":[{"embeddable":true,"href":"https:\/\/www.phoenix-c-h.de\/shop\/wp-json\/wp\/v2\/media\/77"}],"wp:attachment":[{"href":"https:\/\/www.phoenix-c-h.de\/shop\/wp-json\/wp\/v2\/media?parent=74"}],"wp:term":[{"taxonomy":"product_brand","embeddable":true,"href":"https:\/\/www.phoenix-c-h.de\/shop\/wp-json\/wp\/v2\/product_brand?post=74"},{"taxonomy":"product_cat","embeddable":true,"href":"https:\/\/www.phoenix-c-h.de\/shop\/wp-json\/wp\/v2\/product_cat?post=74"},{"taxonomy":"product_tag","embeddable":true,"href":"https:\/\/www.phoenix-c-h.de\/shop\/wp-json\/wp\/v2\/product_tag?post=74"}],"curies":[{"name":"wp","href":"https:\/\/api.w.org\/{rel}","templated":true}]}}