{"id":236,"date":"2026-03-25T16:15:34","date_gmt":"2026-03-25T15:15:34","guid":{"rendered":"https:\/\/www.phoenix-c-h.de\/shop\/?post_type=product&#038;p=236"},"modified":"2026-03-25T16:30:55","modified_gmt":"2026-03-25T15:30:55","slug":"kranfuehrergrundlehrgang-bruecken-und-portalkrane","status":"publish","type":"product","link":"https:\/\/www.phoenix-c-h.de\/shop\/produkt\/kranfuehrergrundlehrgang-bruecken-und-portalkrane\/","title":{"rendered":"Kranf\u00fchrergrundlehrgang (Br\u00fccken- und Portalkrane)"},"content":{"rendered":"<p>Das sichere und zweckm\u00e4\u00dfige F\u00fchren eines Krans erfordert Fachwissen, \u00dcbung und Verantwortungsbewusstsein. In unserer Ausbildung erwerben Sie alle notwendigen Kenntnisse, um Br\u00fccken-, Hallen- und Portalkrane sicher und effizient zu bedienen. Sie lernen, Lasten korrekt anzuschlagen, pendelnde Bewegungen zu kontrollieren und Risiken im Arbeitsbereich rechtzeitig zu erkennen. Dabei vermitteln wir Ihnen nicht nur das praktische K\u00f6nnen, sondern auch das Verst\u00e4ndnis f\u00fcr die physikalischen Grundlagen und sicherheitsrelevanten Vorschriften. Flurgesteuerte Krane kommen in zahlreichen Branchen und Bauarten zum Einsatz \u2013 von der Industrie \u00fcber das Lagerwesen bis hin zum Bau. Unsachgem\u00e4\u00dfe Bedienung kann erhebliche Personen- und Sachsch\u00e4den verursachen. Daher ist laut den Bestimmungen der Berufsgenossenschaften eine Ausbildung mit theoretischer und praktischer Pr\u00fcfung verpflichtend. Die PHOENIX Akademie bereitet Sie umfassend auf diese Pr\u00fcfung vor. Durch praxisnahe \u00dcbungen und fundierte Schulungsinhalte legen Sie den Grundstein f\u00fcr einen sicheren, verantwortungsvollen und erfolgreichen Einsatz als Kranf\u00fchrer.<\/p>\n<h2>Zielgruppe:<\/h2>\n<p>Personen, die Br\u00fcckenkrane, Portalkrane, S\u00e4ulenschwenkkrane und \u00e4hnliches Ger\u00e4t bedienen sollen<\/p>\n<h3>Theorie<\/h3>\n<ul>\n<li>Verantwortung (rechtliche Grundlagen, Pflichten des Kranf\u00fchrers)<\/li>\n<li>Kr\u00e4fte am Kran (physikalische Grundlagen)<\/li>\n<li>Aufstellung von ortsver\u00e4nderlichen Kranen (Abst\u00fctzung, Bodenbelastung)<\/li>\n<li>Steuerung + Sicherheitseinrichtungen<\/li>\n<li>Der Kran und sein Umfeld<\/li>\n<li>Anschlagen von Lasten (Grundlagen)<\/li>\n<li>Kranbauarten (siehe oben)<\/li>\n<li>Sondereins\u00e4tze<\/li>\n<li>Instandhaltung + Pr\u00fcfung<\/li>\n<li>Stillsetzen von Kranen<\/li>\n<\/ul>\n<h3>Praxis<\/h3>\n<ul>\n<li>Praktische \u00dcbungen der Kranbedienung<\/li>\n<li>Umgang mit Lasten<\/li>\n<li>Kontrollen am Kran<\/li>\n<\/ul>\n<h3>Pr\u00fcfung<\/h3>\n<ul>\n<li>Schriftliche Theoriepr\u00fcfung<\/li>\n<li>Praktischer Einzeltest (ca. 15 Minuten)<\/li>\n<\/ul>\n<h2>Voraussetzungen:<\/h2>\n<ul>\n<li>Mindestalter 18 Jahre<\/li>\n<li>K\u00f6rperliche und geistige Eignung (r\u00e4umliches Sehen, gutes H\u00f6rverm\u00f6gen)<\/li>\n<li>F\u00fcr die erfolgreiche Teilnahme an dieser Qualifizierung empfehlen wir ein Sprachniveau GER B1 (Gemeinsamer Europ\u00e4ischer Referenzrahmen)<\/li>\n<li>F\u00fcr die Ausstellung des Fahrausweises wird ein aktuelles Passfoto ben\u00f6tigt<\/li>\n<\/ul>\n<h2>Dauer:<\/h2>\n<p>3 Tage mit 21 UE*<br \/>\n(* UE = Unterrichtseinheit a 45 Minuten)<\/p>\n<h2>Abschluss:<\/h2>\n<ul>\n<li>Zertifikat der PHOENIX Akademie<\/li>\n<li>krantyp- und personenbezogener Ausweis<\/li>\n<\/ul>\n","protected":false},"excerpt":{"rendered":"<p>Das sichere und zweckm\u00e4\u00dfige F\u00fchren eines Krans erfordert Fachwissen, \u00dcbung und Verantwortungsbewusstsein. In unserer Ausbildung erwerben Sie alle notwendigen Kenntnisse, um Br\u00fccken-, Hallen- und Portalkrane sicher und effizient zu bedienen. Sie lernen, Lasten korrekt anzuschlagen, pendelnde Bewegungen zu kontrollieren und Risiken im Arbeitsbereich rechtzeitig zu erkennen. Dabei vermitteln wir Ihnen nicht nur das praktische K\u00f6nnen, [&hellip;]<\/p>\n","protected":false},"featured_media":217,"template":"","meta":[],"product_brand":[],"product_cat":[24],"product_tag":[],"class_list":{"0":"post-236","1":"product","2":"type-product","3":"status-publish","4":"has-post-thumbnail","6":"product_cat-akademie","7":"wcpa_has_options","9":"first","10":"instock","11":"virtual","12":"taxable","13":"purchasable","14":"product-type-simple"},"_links":{"self":[{"href":"https:\/\/www.phoenix-c-h.de\/shop\/wp-json\/wp\/v2\/product\/236","targetHints":{"allow":["GET"]}}],"collection":[{"href":"https:\/\/www.phoenix-c-h.de\/shop\/wp-json\/wp\/v2\/product"}],"about":[{"href":"https:\/\/www.phoenix-c-h.de\/shop\/wp-json\/wp\/v2\/types\/product"}],"wp:featuredmedia":[{"embeddable":true,"href":"https:\/\/www.phoenix-c-h.de\/shop\/wp-json\/wp\/v2\/media\/217"}],"wp:attachment":[{"href":"https:\/\/www.phoenix-c-h.de\/shop\/wp-json\/wp\/v2\/media?parent=236"}],"wp:term":[{"taxonomy":"product_brand","embeddable":true,"href":"https:\/\/www.phoenix-c-h.de\/shop\/wp-json\/wp\/v2\/product_brand?post=236"},{"taxonomy":"product_cat","embeddable":true,"href":"https:\/\/www.phoenix-c-h.de\/shop\/wp-json\/wp\/v2\/product_cat?post=236"},{"taxonomy":"product_tag","embeddable":true,"href":"https:\/\/www.phoenix-c-h.de\/shop\/wp-json\/wp\/v2\/product_tag?post=236"}],"curies":[{"name":"wp","href":"https:\/\/api.w.org\/{rel}","templated":true}]}}