{"id":216,"date":"2023-01-30T19:42:53","date_gmt":"2023-01-30T18:42:53","guid":{"rendered":"https:\/\/www.phoenix-c-h.de\/shop\/?post_type=product&#038;p=216"},"modified":"2023-01-30T19:48:06","modified_gmt":"2023-01-30T18:48:06","slug":"scc-pruefung-dok-018","status":"publish","type":"product","link":"https:\/\/www.phoenix-c-h.de\/shop\/produkt\/scc-pruefung-dok-018\/","title":{"rendered":"Anerkannte SGU-Pr\u00fcfung f\u00fcr operativ t\u00e4tige Mitarbeiter"},"content":{"rendered":"<p>SGU-Pr\u00fcfung gem. Dok. 018 des Normativen SCC-Regelwerkes<\/p>\n<p>Die Pr\u00fcfungsabnahme gem\u00e4\u00df Dokument 018 erfolgt durch eine von der DAkkS akkreditierte Personalzertifizierungsstelle. Dadurch wird gew\u00e4hrleistet, dass ausschlie\u00dflich der aktuelle SGU-Pr\u00fcfungsfragenkatalog angewendet wird. F\u00fcr jeden Pr\u00fcfungstermin wird eine neue Multiple-Choice-Pr\u00fcfung aus 40 Fragen erstellt. Zu jeder Pr\u00fcfungsfrage werden 4 Antworten angeboten, von denen nur eine korrekt ist. Die Pr\u00fcfung gilt mit mindestens 70% richtig beantworteten Fragen als bestanden. Nach erfolgreicher absolvierter Pr\u00fcfung erhalten die Teilnehmer ein SGU-Personalzertifikat und einen Sicherheitspass mit dem Pr\u00fcfungsnachweis.<\/p>\n<h2>Zielgruppe:<\/h2>\n<p>Operativ t\u00e4tige Mitarbeiter von Unternehmen und Subunternehmen der Chemie, Petrochemie, Bauwirtschaft, Elektrotechnik und des Maschinenbaus, wie z.B. Arbeiter, Facharbeiter, Monteure, die an der Leistungserbringung direkt beteiligt sind.<\/p>\n<h2>Inhalte:<\/h2>\n<ul>\n<li>SGU-Pr\u00fcfungsfragenkatalog<\/li>\n<\/ul>\n<h2>Voraussetzungen:<\/h2>\n<p>Abgeschlossene Berufsausbildung gem\u00e4\u00df Berufsbildungsgesetz (BBiG) bzw. gleichwertige oder h\u00f6herwertige Ausbildung in Deutschland oder Abgeschlossene Berufsausbildung im Ausland + Best\u00e4tigung Arbeitgeber \u00fcber mind. 1-j\u00e4hrige Berufserfahrung in Deutschland.<\/p>\n<h2>Dauer:<\/h2>\n<p>60 Minuten<\/p>\n<h2>Abschluss:<\/h2>\n<ul>\n<li>SGU-Pr\u00fcfung gem. Dokument 018 des SCC Regelwerks durch Personalzertifizierungsstelle<\/li>\n<li>Zertifikat mit 5-j\u00e4hriger G\u00fcltigkeit<\/li>\n<\/ul>\n","protected":false},"excerpt":{"rendered":"<p>SGU-Pr\u00fcfung gem. Dok. 018 des Normativen SCC-Regelwerkes Die Pr\u00fcfungsabnahme gem\u00e4\u00df Dokument 018 erfolgt durch eine von der DAkkS akkreditierte Personalzertifizierungsstelle. Dadurch wird gew\u00e4hrleistet, dass ausschlie\u00dflich der aktuelle SGU-Pr\u00fcfungsfragenkatalog angewendet wird. F\u00fcr jeden Pr\u00fcfungstermin wird eine neue Multiple-Choice-Pr\u00fcfung aus 40 Fragen erstellt. Zu jeder Pr\u00fcfungsfrage werden 4 Antworten angeboten, von denen nur eine korrekt ist. Die [&hellip;]<\/p>\n","protected":false},"featured_media":217,"template":"","meta":[],"product_brand":[],"product_cat":[24],"product_tag":[],"class_list":{"0":"post-216","1":"product","2":"type-product","3":"status-publish","4":"has-post-thumbnail","6":"product_cat-akademie","7":"wcpa_has_options","9":"first","10":"instock","11":"virtual","12":"taxable","13":"purchasable","14":"product-type-simple"},"_links":{"self":[{"href":"https:\/\/www.phoenix-c-h.de\/shop\/wp-json\/wp\/v2\/product\/216","targetHints":{"allow":["GET"]}}],"collection":[{"href":"https:\/\/www.phoenix-c-h.de\/shop\/wp-json\/wp\/v2\/product"}],"about":[{"href":"https:\/\/www.phoenix-c-h.de\/shop\/wp-json\/wp\/v2\/types\/product"}],"wp:featuredmedia":[{"embeddable":true,"href":"https:\/\/www.phoenix-c-h.de\/shop\/wp-json\/wp\/v2\/media\/217"}],"wp:attachment":[{"href":"https:\/\/www.phoenix-c-h.de\/shop\/wp-json\/wp\/v2\/media?parent=216"}],"wp:term":[{"taxonomy":"product_brand","embeddable":true,"href":"https:\/\/www.phoenix-c-h.de\/shop\/wp-json\/wp\/v2\/product_brand?post=216"},{"taxonomy":"product_cat","embeddable":true,"href":"https:\/\/www.phoenix-c-h.de\/shop\/wp-json\/wp\/v2\/product_cat?post=216"},{"taxonomy":"product_tag","embeddable":true,"href":"https:\/\/www.phoenix-c-h.de\/shop\/wp-json\/wp\/v2\/product_tag?post=216"}],"curies":[{"name":"wp","href":"https:\/\/api.w.org\/{rel}","templated":true}]}}