{"id":212,"date":"2023-01-30T19:33:04","date_gmt":"2023-01-30T18:33:04","guid":{"rendered":"https:\/\/www.phoenix-c-h.de\/shop\/?post_type=product&#038;p=212"},"modified":"2023-01-30T19:35:15","modified_gmt":"2023-01-30T18:35:15","slug":"scc-schulung-kompakt-dok-018","status":"publish","type":"product","link":"https:\/\/www.phoenix-c-h.de\/shop\/produkt\/scc-schulung-kompakt-dok-018\/","title":{"rendered":"SCC-\/SGU Pr\u00fcfungsvorbereitung f\u00fcr operativ t\u00e4tige Mitarbeiter gem\u00e4\u00df Dok. 018"},"content":{"rendered":"<p>Das Sicherheits Certifikat Contraktoren (SCC) ist ein Regelwerk f\u00fcr Managementsysteme im Bereich Sicherheit, Gesundheit und Umwelt (SGU). Alle operativ t\u00e4tigen Mitarbeiter ben\u00f6tigen ein SCC-Zertifikat. Sie werden in dieser Tagesschulung optimal auf die SCC-Pr\u00fcfung f\u00fcr Mitarbeiter vorbereitet, die Sie hier abschlie\u00dfend absolvieren k\u00f6nnen.<\/p>\n<p>In kompakter Form bekommen Sie die Inhalte des Arbeits-, Gesundheits- und Umweltschutzes noch einmal vermittelt. Somit haben Sie die M\u00f6glichkeit, Ihr<br \/>\nWissen zu praxisrelevanten Fragen aufzufrischen. Mit Selbst\u00fcberpr\u00fcfungsaufgaben in Anlehnung an die Pr\u00fcfungsrealit\u00e4t werden Sie optimal auf Ihre Pr\u00fcfung (60 Min.mit 40 Multiple-Choice-Fragen) vorbereitet.<\/p>\n<h2>Zielgruppe:<\/h2>\n<p>Operativ t\u00e4tige Mitarbeitende, z.B. Arbeiter, Facharbeiter, Monteure, Handwerker und Hilfskr\u00e4fte (m\/w\/d), die sich individuell und zeitlich flexibel auf die SCC-Pr\u00fcfung gem\u00e4\u00df Dokument 018 vorbereiten m\u00f6chten.<\/p>\n<h2>Inhalte:<\/h2>\n<ul>\n<li>Gesetzliche Bestimmungen<\/li>\n<li>Unf\u00e4lle und Notf\u00e4lle<\/li>\n<li>Arbeitsplatz- und T\u00e4tigkeitsvorgaben<\/li>\n<li>Gefahrstoffe<\/li>\n<li>Brand- und Explosionsschutz<\/li>\n<li>Arbeitsmittel und Arbeitsverfahren<\/li>\n<li>Elektrizit\u00e4t<\/li>\n<li>Arbeitsplatzgestaltung<\/li>\n<li>Pers\u00f6nliche Schutzausr\u00fcstung<\/li>\n<\/ul>\n<h2>Voraussetzungen:<\/h2>\n<p><em>Berufsausbildung\/Studium in Deutschland:<\/em><br \/>\nAbgeschlossene deutsche Berufsausbildung\/ deutsches (Fach)-Hochschulstudium<\/p>\n<p><em>Berufsausbildung\/Studium im Ausland:<\/em><br \/>\nPersonen, deren Qualifikation der Qualifikationsgruppe 1- 4 gem. Anlage 13 SGB VI entspricht mit mind. 1-j\u00e4hriger Berufserfahrung in Deutschland und damit Kenntnissen im deutschen Arbeits- und Umweltschutz<\/p>\n<p><em>An-\/Ungelernte Personen aus dem In- und Ausland:<\/em><br \/>\nPersonen, deren Qualifikation der Qualifikationsgruppe 5 gem. Anlage 13 SGB VI entspricht, die jedoch aufgrund mind. 3-j\u00e4hriger Berufserfahrung in Deutschland in einem staatlich anerkannten Ausbildungsberuf F\u00e4higkeiten erworben haben.<\/p>\n<h2>Dauer:<\/h2>\n<p>1 Tag mit 8 UE*<br \/>\n(* UE = Unterrichtseinheit a 45 Minuten)<\/p>\n<h2>Abschluss:<\/h2>\n<p>Nach erfolgreicher Pr\u00fcfung erhalten Sie ein Personenzertifikat f\u00fcr operative Mitarbeiter nach SCC-Dokument 018 mit 5-j\u00e4hriger G\u00fcltigkeit.<\/p>\n","protected":false},"excerpt":{"rendered":"<p>Das Sicherheits Certifikat Contraktoren (SCC) ist ein Regelwerk f\u00fcr Managementsysteme im Bereich Sicherheit, Gesundheit und Umwelt (SGU). Alle operativ t\u00e4tigen Mitarbeiter ben\u00f6tigen ein SCC-Zertifikat. Sie werden in dieser Tagesschulung optimal auf die SCC-Pr\u00fcfung f\u00fcr Mitarbeiter vorbereitet, die Sie hier abschlie\u00dfend absolvieren k\u00f6nnen. In kompakter Form bekommen Sie die Inhalte des Arbeits-, Gesundheits- und Umweltschutzes noch [&hellip;]<\/p>\n","protected":false},"featured_media":213,"template":"","meta":[],"product_brand":[],"product_cat":[24],"product_tag":[],"class_list":{"0":"post-212","1":"product","2":"type-product","3":"status-publish","4":"has-post-thumbnail","6":"product_cat-akademie","7":"wcpa_has_options","9":"first","10":"instock","11":"virtual","12":"taxable","13":"purchasable","14":"product-type-simple"},"_links":{"self":[{"href":"https:\/\/www.phoenix-c-h.de\/shop\/wp-json\/wp\/v2\/product\/212","targetHints":{"allow":["GET"]}}],"collection":[{"href":"https:\/\/www.phoenix-c-h.de\/shop\/wp-json\/wp\/v2\/product"}],"about":[{"href":"https:\/\/www.phoenix-c-h.de\/shop\/wp-json\/wp\/v2\/types\/product"}],"wp:featuredmedia":[{"embeddable":true,"href":"https:\/\/www.phoenix-c-h.de\/shop\/wp-json\/wp\/v2\/media\/213"}],"wp:attachment":[{"href":"https:\/\/www.phoenix-c-h.de\/shop\/wp-json\/wp\/v2\/media?parent=212"}],"wp:term":[{"taxonomy":"product_brand","embeddable":true,"href":"https:\/\/www.phoenix-c-h.de\/shop\/wp-json\/wp\/v2\/product_brand?post=212"},{"taxonomy":"product_cat","embeddable":true,"href":"https:\/\/www.phoenix-c-h.de\/shop\/wp-json\/wp\/v2\/product_cat?post=212"},{"taxonomy":"product_tag","embeddable":true,"href":"https:\/\/www.phoenix-c-h.de\/shop\/wp-json\/wp\/v2\/product_tag?post=212"}],"curies":[{"name":"wp","href":"https:\/\/api.w.org\/{rel}","templated":true}]}}