{"id":210,"date":"2023-01-30T19:29:35","date_gmt":"2023-01-30T18:29:35","guid":{"rendered":"https:\/\/www.phoenix-c-h.de\/shop\/?post_type=product&#038;p=210"},"modified":"2023-01-30T19:31:42","modified_gmt":"2023-01-30T18:31:42","slug":"scc-schulung-kompakt-dok-017","status":"publish","type":"product","link":"https:\/\/www.phoenix-c-h.de\/shop\/produkt\/scc-schulung-kompakt-dok-017\/","title":{"rendered":"SCC-\/SGU Pr\u00fcfungsvorbereitung f\u00fcr operativ t\u00e4tige F\u00fchrungskr\u00e4fte gem\u00e4\u00df Dok. 017"},"content":{"rendered":"<p>Das Sicherheits Certifikat Contraktoren (SCC) ist ein Regelwerk f\u00fcr Managementsysteme im Bereich Sicherheit, Gesundheit und Umwelt (SGU). Alle operativ t\u00e4tigen F\u00fchrungskr\u00e4fte ben\u00f6tigen ein SCC-Zertifikat. Sie werden in dieser Tagesschulung optimal auf die SCC-Pr\u00fcfung f\u00fcr F\u00fchrungskr\u00e4fte vorbereitet, die Sie hier abschlie\u00dfend absolvieren k\u00f6nnen.<\/p>\n<p>In kompakter Form bekommen Sie die Inhalte des Arbeits-, Gesundheits- und Umweltschutzes noch einmal vermittelt. Somit haben Sie die M\u00f6glichkeit, Ihr<br \/>\nWissen zu praxisrelevanten Fragen aufzufrischen. Damit werden Sie optimal auf Ihre Pr\u00fcfung (105 Min. mit 70 Multiple-Choice-Fragen) vorbereitet.<\/p>\n<h2>Zielgruppe:<\/h2>\n<p>Operativ t\u00e4tige F\u00fchrungskr\u00e4fte, z.B. Niederlassungsleiter, Bauleiter, Projektleiter, Meister, Techniker, Poliere, Vorarbeiter (m\/w\/d), die sich auf die SCC-Pr\u00fcfung gem\u00e4\u00df Dokument 017 vorbereiten m\u00f6chten.<\/p>\n<h2>Inhalte:<\/h2>\n<ul>\n<li>Gesetzliche Bestimmungen<\/li>\n<li>Gef\u00e4hrdungs- und Risikobeurteilung<\/li>\n<li>Unfallursachen, Unfallverh\u00fctung und Unfallmeldung<\/li>\n<li>Betriebliche Organisation und Verhalten sicherheitsgerecht gestalten<\/li>\n<li>Notfallma\u00dfnahmen sowie Brand- und Explosionsschutz<\/li>\n<li>Arbeitsverfahren und Arbeitsplatzgestaltung<\/li>\n<li>Arbeitsmittel und Pers\u00f6nliche Schutzausr\u00fcstung (PSA)<\/li>\n<li>Gefahrstoffe, Elektrizit\u00e4t und Strahlung<\/li>\n<li>SCC-Pr\u00fcfung f\u00fcr operative F\u00fchrungskr\u00e4fte (nach SCC-Dok. 017)<\/li>\n<\/ul>\n<h2>Voraussetzungen:<\/h2>\n<ul>\n<li>Abgeschlossene staatlich anerkannte Berufsausbildung nach dem Bundesbildungsgesetz (BBiG). Bitte Nachweis bei Anmeldung beif\u00fcgen.<\/li>\n<li>Vorkenntnisse im Bereich Sicherheit, Gesundheit und Umweltschutz.<\/li>\n<\/ul>\n<h2>Dauer:<\/h2>\n<p>1 Tag mit 8 UE*<br \/>\n(* UE = Unterrichtseinheit a 45 Minuten)<\/p>\n<h2>Abschluss:<\/h2>\n<p>Nach erfolgreicher Pr\u00fcfung erhalten Sie ein Personenzertifikat f\u00fcr operative F\u00fchrungskr\u00e4fte nach SCC-Dokument 017 mit 5-j\u00e4hriger G\u00fcltigkeit.<\/p>\n","protected":false},"excerpt":{"rendered":"<p>Das Sicherheits Certifikat Contraktoren (SCC) ist ein Regelwerk f\u00fcr Managementsysteme im Bereich Sicherheit, Gesundheit und Umwelt (SGU). Alle operativ t\u00e4tigen F\u00fchrungskr\u00e4fte ben\u00f6tigen ein SCC-Zertifikat. Sie werden in dieser Tagesschulung optimal auf die SCC-Pr\u00fcfung f\u00fcr F\u00fchrungskr\u00e4fte vorbereitet, die Sie hier abschlie\u00dfend absolvieren k\u00f6nnen. In kompakter Form bekommen Sie die Inhalte des Arbeits-, Gesundheits- und Umweltschutzes noch [&hellip;]<\/p>\n","protected":false},"featured_media":211,"template":"","meta":[],"product_brand":[],"product_cat":[24],"product_tag":[],"class_list":{"0":"post-210","1":"product","2":"type-product","3":"status-publish","4":"has-post-thumbnail","6":"product_cat-akademie","7":"wcpa_has_options","9":"first","10":"instock","11":"virtual","12":"taxable","13":"purchasable","14":"product-type-simple"},"_links":{"self":[{"href":"https:\/\/www.phoenix-c-h.de\/shop\/wp-json\/wp\/v2\/product\/210","targetHints":{"allow":["GET"]}}],"collection":[{"href":"https:\/\/www.phoenix-c-h.de\/shop\/wp-json\/wp\/v2\/product"}],"about":[{"href":"https:\/\/www.phoenix-c-h.de\/shop\/wp-json\/wp\/v2\/types\/product"}],"wp:featuredmedia":[{"embeddable":true,"href":"https:\/\/www.phoenix-c-h.de\/shop\/wp-json\/wp\/v2\/media\/211"}],"wp:attachment":[{"href":"https:\/\/www.phoenix-c-h.de\/shop\/wp-json\/wp\/v2\/media?parent=210"}],"wp:term":[{"taxonomy":"product_brand","embeddable":true,"href":"https:\/\/www.phoenix-c-h.de\/shop\/wp-json\/wp\/v2\/product_brand?post=210"},{"taxonomy":"product_cat","embeddable":true,"href":"https:\/\/www.phoenix-c-h.de\/shop\/wp-json\/wp\/v2\/product_cat?post=210"},{"taxonomy":"product_tag","embeddable":true,"href":"https:\/\/www.phoenix-c-h.de\/shop\/wp-json\/wp\/v2\/product_tag?post=210"}],"curies":[{"name":"wp","href":"https:\/\/api.w.org\/{rel}","templated":true}]}}