{"id":206,"date":"2023-01-30T19:19:05","date_gmt":"2023-01-30T18:19:05","guid":{"rendered":"https:\/\/www.phoenix-c-h.de\/shop\/?post_type=product&#038;p=206"},"modified":"2023-01-30T19:21:37","modified_gmt":"2023-01-30T18:21:37","slug":"scc-schulung-3-taegig-dok-018","status":"publish","type":"product","link":"https:\/\/www.phoenix-c-h.de\/shop\/produkt\/scc-schulung-3-taegig-dok-018\/","title":{"rendered":"SCC-\/SGU Schulung inkl. Pr\u00fcfung f\u00fcr operativ t\u00e4tige Mitarbeiter gem\u00e4\u00df Dok. 018"},"content":{"rendered":"<p>Um die Sicherheit sowie Gesundheits- und Umweltschutz (SGU) in sicherheitskritischen Branchen zu gew\u00e4hrleisten, wurde SCC (Safety Certificate Contractors) als Zertifizierungssystem entwickelt. Nationale und branchenspezifische Anforderungen werden bei der Zertifizierung vermittelt, somit ist SCC auch international f\u00fcr Hersteller und Dienstleister aller Industriezweige geeignet.<br \/>\nDie erfolgreiche Zertifizierung nach SCC gibt Ihnen die M\u00f6glichkeit, Auftr\u00e4ge wahrzunehmen, w\u00e4hrend der Auftraggeber die Garantie hat, dass auf seinem Betriebsgel\u00e4nde der Standard bez\u00fcglich Arbeitssicherheit und Umweltschutz gewahrt wird.<\/p>\n<p>Diese dreit\u00e4gige Schulung richtet sich an operativ t\u00e4tige Mitarbeiter und vermittelt die grundlegenden Aspekte des SCC-Sicherheitsstandards. Somit werden Sie optimal auf die SG\u00dc-Pr\u00fcfung gem. SCC-Regelwerk (Multiple-Choice mit 40 Fragen, 28 m\u00fcssen richtig in 60 Min. beantwortet sein) vorbereitet.<\/p>\n<p>Mit erfolgreich abgeschlossener SCC-Pr\u00fcfung erhalten Sie den Nachweis \u00fcber erforderliche Kenntnisse \u00fcber allgemein g\u00fcltige Sicherheitsstandards.<\/p>\n<h2>Zielgruppe:<\/h2>\n<p>Operativ t\u00e4tige Mitarbeiter\/-innen wie Arbeiter\/-innen, Facharbeiter\/-innen, Monteure\/-innen, Hilfskr\u00e4fte in Unternehmen und Subunternehmen der Chemie, Petrochemie, Bauwirtschaft, Elektrotechnik, des Maschinenbaus sowie von Technischen Dienstleistern.<\/p>\n<h2>Inhalte:<\/h2>\n<ul>\n<li>Arbeitsschutzgesetzgebung und -\u00fcberwachung<\/li>\n<li>Unfallursachen und Verhalten bei Unf\u00e4llen<\/li>\n<li>Gefahrstoffe<\/li>\n<li>Brand- und Explosionsgefahr<\/li>\n<li>Maschinen und Werkzeuge; Schwei\u00dfen und Schneiden<\/li>\n<li>Transportieren und Heben von Lasten; Stolperstellen<\/li>\n<li>Arbeiten auf hoch- und tiefgelegenen Arbeitspl\u00e4tzen<\/li>\n<li>Pers\u00f6nliche Schutzausr\u00fcstung<\/li>\n<li>Arbeiten in Beh\u00e4ltern und engen R\u00e4umen<\/li>\n<\/ul>\n<h2>Voraussetzungen:<\/h2>\n<p><em>Berufsausbildung\/Studium in Deutschland:<\/em><br \/>\nAbgeschlossene deutsche Berufsausbildung\/ deutsches (Fach)-Hochschulstudium<\/p>\n<p><em>Berufsausbildung\/Studium im Ausland:<\/em><br \/>\nPersonen, deren Qualifikation der Qualifikationsgruppe 1-4 gem. Anlage 13 SGB VI entspricht mit mind. 1-j\u00e4hriger Berufserfahrung in Deutschland und damit Kenntnissen im deutschen Arbeits- und Umweltschutz<\/p>\n<p><em>An-\/Ungelernte Personen aus dem In- und Ausland:<\/em><br \/>\nPersonen, deren Qualifikation der Qualifikationsgruppe 5 gem. Anlage 13 SGB VI entspricht, die jedoch aufgrund mind. 3-j\u00e4hriger Berufserfahrung in Deutschland in einem staatlich anerkannten Ausbildungsberuf F\u00e4higkeiten erworben haben.<\/p>\n<h2>Dauer:<\/h2>\n<p>3 Tage mit 24 UE*<br \/>\n(* UE = Unterrichtseinheit a 45 Minuten)<\/p>\n<h2>Abschluss:<\/h2>\n<ul>\n<li>SGU-Pr\u00fcfung gem. Dokument 018 des SCC-Regelwerks durch Personalzertifizierungsstelle<\/li>\n<li>Zertifikat mit 5-j\u00e4hriger G\u00fcltigkeit<\/li>\n<\/ul>\n","protected":false},"excerpt":{"rendered":"<p>Um die Sicherheit sowie Gesundheits- und Umweltschutz (SGU) in sicherheitskritischen Branchen zu gew\u00e4hrleisten, wurde SCC (Safety Certificate Contractors) als Zertifizierungssystem entwickelt. Nationale und branchenspezifische Anforderungen werden bei der Zertifizierung vermittelt, somit ist SCC auch international f\u00fcr Hersteller und Dienstleister aller Industriezweige geeignet. Die erfolgreiche Zertifizierung nach SCC gibt Ihnen die M\u00f6glichkeit, Auftr\u00e4ge wahrzunehmen, w\u00e4hrend der [&hellip;]<\/p>\n","protected":false},"featured_media":207,"template":"","meta":[],"product_brand":[],"product_cat":[24],"product_tag":[],"class_list":{"0":"post-206","1":"product","2":"type-product","3":"status-publish","4":"has-post-thumbnail","6":"product_cat-akademie","7":"wcpa_has_options","9":"first","10":"instock","11":"virtual","12":"taxable","13":"purchasable","14":"product-type-simple"},"_links":{"self":[{"href":"https:\/\/www.phoenix-c-h.de\/shop\/wp-json\/wp\/v2\/product\/206","targetHints":{"allow":["GET"]}}],"collection":[{"href":"https:\/\/www.phoenix-c-h.de\/shop\/wp-json\/wp\/v2\/product"}],"about":[{"href":"https:\/\/www.phoenix-c-h.de\/shop\/wp-json\/wp\/v2\/types\/product"}],"wp:featuredmedia":[{"embeddable":true,"href":"https:\/\/www.phoenix-c-h.de\/shop\/wp-json\/wp\/v2\/media\/207"}],"wp:attachment":[{"href":"https:\/\/www.phoenix-c-h.de\/shop\/wp-json\/wp\/v2\/media?parent=206"}],"wp:term":[{"taxonomy":"product_brand","embeddable":true,"href":"https:\/\/www.phoenix-c-h.de\/shop\/wp-json\/wp\/v2\/product_brand?post=206"},{"taxonomy":"product_cat","embeddable":true,"href":"https:\/\/www.phoenix-c-h.de\/shop\/wp-json\/wp\/v2\/product_cat?post=206"},{"taxonomy":"product_tag","embeddable":true,"href":"https:\/\/www.phoenix-c-h.de\/shop\/wp-json\/wp\/v2\/product_tag?post=206"}],"curies":[{"name":"wp","href":"https:\/\/api.w.org\/{rel}","templated":true}]}}