{"id":202,"date":"2023-01-30T18:56:11","date_gmt":"2023-01-30T17:56:11","guid":{"rendered":"https:\/\/www.phoenix-c-h.de\/shop\/?post_type=product&#038;p=202"},"modified":"2023-01-30T19:14:53","modified_gmt":"2023-01-30T18:14:53","slug":"scc-schulung-3-taegig-dok-017","status":"publish","type":"product","link":"https:\/\/www.phoenix-c-h.de\/shop\/produkt\/scc-schulung-3-taegig-dok-017\/","title":{"rendered":"SCC-\/SGU Schulung inkl. Pr\u00fcfung f\u00fcr operativ t\u00e4tige F\u00fchrungskr\u00e4fte gem\u00e4\u00df Dok. 017"},"content":{"rendered":"<p>Um die Sicherheit sowie Gesundheits- und Umweltschutz (SGU) in sicherheitskritischen Branchen zu gew\u00e4hrleisten, wurde SCC (Safety Certificate Contractors) als Zertifizierungssystem entwickelt.<br \/>\nNationale und branchenspezifische Anforderungen werden bei der Zertifizierung vermittelt, somit ist SCC auch international f\u00fcr Hersteller und Dienstleister aller Industriezweige geeignet.<br \/>\nDie erfolgreiche Zertifizierung nach SCC gibt Ihnen die M\u00f6glichkeit, Auftr\u00e4ge wahrzunehmen, w\u00e4hrend der Auftraggeber die Garantie hat, dass auf seinem Betriebsgel\u00e4nde der Standard bez\u00fcglich Arbeitssicherheit und Umweltschutz gewahrt wird.<\/p>\n<p>Diese dreit\u00e4gige Schulung ist inhaltlich speziell auf die Anforderungen an operative F\u00fchrungskr\u00e4fte ausgerichtet und umfasst alle Themen des SCC Fragenkatalogs (06\/2017). Somit werden Sie optimal auf die SG\u00dc-Pr\u00fcfung gem. SCC-Regelwerk (Multiple-Choice mit 70 Fragen, 49 m\u00fcssen richtig in 105 Min. beantwortet sein) vorbereitet.<\/p>\n<p>Mit erfolgreich abgeschlossener SCC-Pr\u00fcfung erhalten Sie den Nachweis \u00fcber erforderliche Kenntnisse \u00fcber allgemein g\u00fcltige Sicherheitsstandards.<\/p>\n<h2>Zielgruppe:<\/h2>\n<p>Die Schulung richtet sich an operativ t\u00e4tige F\u00fchrungskr\u00e4fte zum Einsatz auf Baustellen mit abgeschlossener Berufsausbildung oder Hochschulstudium z.B. Niederlassungsleiter, Bauleiter, Projektleiter, Meister, Techniker, Poliere (m\/w\/d).<\/p>\n<h2>Inhalte:<\/h2>\n<ul>\n<li>Arbeitsschutzgesetzgebung und Europ\u00e4ische Richtlinien<\/li>\n<li>Unfallursachen und Folgerungen f\u00fcr die Arbeitsschutzpolitik<\/li>\n<li>Methoden zur F\u00f6rderung des Arbeitsschutzes<\/li>\n<li>Arbeitserlaubnis<\/li>\n<li>Gef\u00e4hrdungsbeurteilung<\/li>\n<li>H\u00e4ufige Gef\u00e4hrdungen<\/li>\n<li>Notfallplanung, Erste Hilfe<\/li>\n<li>Brand- und Explosionsschutz<\/li>\n<li>Umgang mit Gefahrstoffen und Abf\u00e4llen (Ausl\u00f6seschwelle, Kennzeichnung, Pr\u00e4ventionsma\u00dfnahmen)<\/li>\n<li>Wasserrechtliche Vorschriften<\/li>\n<li>Ergonomie am Arbeitsplatz<\/li>\n<li>Alkohol und Drogen am Arbeitsplatz<\/li>\n<\/ul>\n<h2>Voraussetzungen:<\/h2>\n<ul>\n<li>Abgeschlossene staatlich anerkannte Berufsausbildung nach dem Bundesbildungsgesetz (BBiG). Bitte Nachweis bei Anmeldung beif\u00fcgen.<\/li>\n<li>Alternativ: Nachweis einer 3-t\u00e4gigen SCC-Schulung<\/li>\n<\/ul>\n<h2>Dauer:<\/h2>\n<p>3 Tage mit 24 UE*<br \/>\n(* UE = Unterrichtseinheit a 45 Minuten)<\/p>\n<h2>Abschluss:<\/h2>\n<p>Nach erfolgreicher Pr\u00fcfung erhalten Sie ein Personenzertifikat f\u00fcr operative F\u00fchrungskr\u00e4fte nach SCC-Dokument 017 mit 5-j\u00e4hriger G\u00fcltigkeit.<\/p>\n","protected":false},"excerpt":{"rendered":"<p>Um die Sicherheit sowie Gesundheits- und Umweltschutz (SGU) in sicherheitskritischen Branchen zu gew\u00e4hrleisten, wurde SCC (Safety Certificate Contractors) als Zertifizierungssystem entwickelt. Nationale und branchenspezifische Anforderungen werden bei der Zertifizierung vermittelt, somit ist SCC auch international f\u00fcr Hersteller und Dienstleister aller Industriezweige geeignet. Die erfolgreiche Zertifizierung nach SCC gibt Ihnen die M\u00f6glichkeit, Auftr\u00e4ge wahrzunehmen, w\u00e4hrend der [&hellip;]<\/p>\n","protected":false},"featured_media":204,"template":"","meta":[],"product_brand":[],"product_cat":[24],"product_tag":[],"class_list":{"0":"post-202","1":"product","2":"type-product","3":"status-publish","4":"has-post-thumbnail","6":"product_cat-akademie","7":"wcpa_has_options","9":"first","10":"instock","11":"virtual","12":"taxable","13":"purchasable","14":"product-type-simple"},"_links":{"self":[{"href":"https:\/\/www.phoenix-c-h.de\/shop\/wp-json\/wp\/v2\/product\/202","targetHints":{"allow":["GET"]}}],"collection":[{"href":"https:\/\/www.phoenix-c-h.de\/shop\/wp-json\/wp\/v2\/product"}],"about":[{"href":"https:\/\/www.phoenix-c-h.de\/shop\/wp-json\/wp\/v2\/types\/product"}],"wp:featuredmedia":[{"embeddable":true,"href":"https:\/\/www.phoenix-c-h.de\/shop\/wp-json\/wp\/v2\/media\/204"}],"wp:attachment":[{"href":"https:\/\/www.phoenix-c-h.de\/shop\/wp-json\/wp\/v2\/media?parent=202"}],"wp:term":[{"taxonomy":"product_brand","embeddable":true,"href":"https:\/\/www.phoenix-c-h.de\/shop\/wp-json\/wp\/v2\/product_brand?post=202"},{"taxonomy":"product_cat","embeddable":true,"href":"https:\/\/www.phoenix-c-h.de\/shop\/wp-json\/wp\/v2\/product_cat?post=202"},{"taxonomy":"product_tag","embeddable":true,"href":"https:\/\/www.phoenix-c-h.de\/shop\/wp-json\/wp\/v2\/product_tag?post=202"}],"curies":[{"name":"wp","href":"https:\/\/api.w.org\/{rel}","templated":true}]}}