{"id":126,"date":"2022-01-26T13:16:35","date_gmt":"2022-01-26T12:16:35","guid":{"rendered":"https:\/\/www.phoenix-c-h.de\/shop\/?post_type=product&#038;p=126"},"modified":"2025-05-07T11:26:51","modified_gmt":"2025-05-07T09:26:51","slug":"arbeitsschutzsystem","status":"publish","type":"product","link":"https:\/\/www.phoenix-c-h.de\/shop\/produkt\/arbeitsschutzsystem\/","title":{"rendered":"ArbeitsschutzSystem"},"content":{"rendered":"<p>Mit dem digitalen Arbeitsschutz-System der Phoenix Corporate Health GmbH k\u00f6nnen Sie als Unternehmer Ihre Verpflichtungen effektiv und einfach umsetzen. Durch die klar strukturierten Bausteine finden Sie sich auch ohne Expertenwissen in dem System zurecht.<\/p>\n<p><strong>1. VERANTWORTUNG<br \/>\n<\/strong>\u00dcbersicht der F\u00fchrungskr\u00e4fte mit der Dokumentationder Aufgaben- und Verantwortungsbereiche im Arbeitsschutz.<\/p>\n<p><strong>2. KONTROLLE<\/strong><br \/>\nDokumentation von Begehungsberichten, die als rechtssicheres Dokument im PDF Format generiert werden.<\/p>\n<p><strong>3. BEURTEILUNG DER ARBEITSBEDINGUNGEN<\/strong><br \/>\nbeinhaltet eine erste zu Verwaltungst\u00e4tigkeiten. Grundlegende ben\u00f6tigte Arbeitsmittel wie Computer, Monitore und Drucker sind mit Betriebsanweisung hinterlegt. Auch zwei Gefahrstoffe haben die Experten im Verzeichnis bereitgelegt. Im letzten Abschnitt kann jeder Betrieb seine Arbeitsst\u00e4tten hinsichtlich der Vorgaben selbst beurteilen.<\/p>\n<p><strong>4. QUALIFIKATIONEN<\/strong><br \/>\n\u00dcbersicht aller Weiterbildungen der Besch\u00e4ftigten mit Zertifikaten und einer Termin\u00fcberwachung.<\/p>\n<p><strong>5. UNTERWEISUNG<\/strong><br \/>\nenth\u00e4lt eine Grundlage f\u00fcr die Ergonomie am Arbeitsplatz, weitere Unterweisungen sind abrufbar.<\/p>\n<p><strong>6. NOTFALL<\/strong><br \/>\nOrganisationshilfen \u201eErste-Hilfe\u201c, \u201eBrandschutzordnung Teil A\u201c, \u201eVerbandsbuch\u201c und \u201eUnfallbericht\u201c stehen zum Download bereit.<\/p>\n<p><strong>7. INFORMATIONEN DES BETRIEBES<\/strong><br \/>\nWichtige Unternehmensdaten wie Anzahl der Besch\u00e4ftigten, Ort des Unternehmens, Fotos oder ein Organigramm k\u00f6nnen hier gepflegt werden.<\/p>\n<p>&nbsp;<\/p>\n<p>Die Visualisierung der Themen zum Arbeits- und Gesundheitsschutz erm\u00f6glicht eine einfache Bearbeitung. Egal, ob Zuhause oder im B\u00fcro, ob am Laptop oder dem Smartphone: Mit dem Arbeitsschutz-System hat man von \u00fcberall aus Zugriff auf alle erforderlichen Arbeitsschutzdokumente.<\/p>\n<p>Erforderliche Aktualisierungen werden automatisch eingespielt und sind in der Jahrespauschale in H\u00f6he von 295,00* \u20ac netto beinhaltet.<\/p>\n<p>Sollte doch einmal die betriebsspezifische Unterst\u00fctzung einer unserer Fachkr\u00e4fte f\u00fcr Arbeitssicherheit erforderlich sein, k\u00f6nnen Sie diese Leistungen zum Sonderpreis jederzeit separat dazubuchen. So einfach kann Arbeitsschutz sein.<\/p>\n","protected":false},"excerpt":{"rendered":"<p>Jahrespauschale f\u00fcr das ArbeitsschutzSystem.<br \/>\n<strong>Zum Einf\u00fchrungspreis<\/strong>.<\/p>\n","protected":false},"featured_media":127,"template":"","meta":[],"product_brand":[],"product_cat":[41],"product_tag":[],"class_list":{"0":"post-126","1":"product","2":"type-product","3":"status-publish","4":"has-post-thumbnail","6":"product_cat-arbeitsschutzsystem","7":"wcpa_has_options","9":"first","10":"instock","11":"virtual","12":"taxable","13":"purchasable","14":"product-type-simple"},"_links":{"self":[{"href":"https:\/\/www.phoenix-c-h.de\/shop\/wp-json\/wp\/v2\/product\/126","targetHints":{"allow":["GET"]}}],"collection":[{"href":"https:\/\/www.phoenix-c-h.de\/shop\/wp-json\/wp\/v2\/product"}],"about":[{"href":"https:\/\/www.phoenix-c-h.de\/shop\/wp-json\/wp\/v2\/types\/product"}],"wp:featuredmedia":[{"embeddable":true,"href":"https:\/\/www.phoenix-c-h.de\/shop\/wp-json\/wp\/v2\/media\/127"}],"wp:attachment":[{"href":"https:\/\/www.phoenix-c-h.de\/shop\/wp-json\/wp\/v2\/media?parent=126"}],"wp:term":[{"taxonomy":"product_brand","embeddable":true,"href":"https:\/\/www.phoenix-c-h.de\/shop\/wp-json\/wp\/v2\/product_brand?post=126"},{"taxonomy":"product_cat","embeddable":true,"href":"https:\/\/www.phoenix-c-h.de\/shop\/wp-json\/wp\/v2\/product_cat?post=126"},{"taxonomy":"product_tag","embeddable":true,"href":"https:\/\/www.phoenix-c-h.de\/shop\/wp-json\/wp\/v2\/product_tag?post=126"}],"curies":[{"name":"wp","href":"https:\/\/api.w.org\/{rel}","templated":true}]}}